{"id":80,"date":"2025-04-29T18:36:37","date_gmt":"2025-04-29T18:36:37","guid":{"rendered":"https:\/\/winddemo.com\/nplus\/?page_id=80"},"modified":"2025-05-02T16:54:11","modified_gmt":"2025-05-02T16:54:11","slug":"hakkimizda","status":"publish","type":"page","link":"https:\/\/nplusplastik.com.tr\/index.php\/hakkimizda\/","title":{"rendered":"Hakk\u0131m\u0131zda"},"content":{"rendered":"\t\t<div data-elementor-type=\"wp-page\" data-elementor-id=\"80\" class=\"elementor elementor-80\" data-elementor-post-type=\"page\">\n\t\t\t\t\t\t<section class=\"elementor-section elementor-top-section elementor-element elementor-element-2731b317 elementor-section-full_width elementor-section-height-default elementor-section-height-default elementor-invisible\" data-id=\"2731b317\" data-element_type=\"section\" data-settings=\"{&quot;animation&quot;:&quot;fadeIn&quot;}\">\n\t\t\t\t\t\t\t<div class=\"elementor-background-overlay\"><\/div>\n\t\t\t\t\t\t\t<div class=\"elementor-container elementor-column-gap-default\">\n\t\t\t\t\t<div class=\"elementor-column elementor-col-100 elementor-top-column elementor-element elementor-element-6c25b7ba elementor-invisible\" data-id=\"6c25b7ba\" data-element_type=\"column\" data-settings=\"{&quot;background_background&quot;:&quot;classic&quot;,&quot;animation&quot;:&quot;fadeIn&quot;}\">\n\t\t\t<div class=\"elementor-widget-wrap elementor-element-populated\">\n\t\t\t\t\t<div class=\"elementor-background-overlay\"><\/div>\n\t\t\t\t\t\t<div class=\"elementor-element elementor-element-3d9c82f3 elementor-invisible elementor-widget elementor-widget-heading\" data-id=\"3d9c82f3\" data-element_type=\"widget\" data-settings=\"{&quot;_animation&quot;:&quot;fadeInUp&quot;}\" data-widget_type=\"heading.default\">\n\t\t\t\t<div class=\"elementor-widget-container\">\n\t\t\t\t\t<h1 class=\"elementor-heading-title elementor-size-default\">Hakk\u0131m\u0131zda<\/h1>\t\t\t\t<\/div>\n\t\t\t\t<\/div>\n\t\t\t\t\t<\/div>\n\t\t<\/div>\n\t\t\t\t\t<\/div>\n\t\t<\/section>\n\t\t\t\t<section class=\"elementor-section elementor-top-section elementor-element elementor-element-191f6068 elementor-section-boxed elementor-section-height-default elementor-section-height-default\" data-id=\"191f6068\" data-element_type=\"section\">\n\t\t\t\t\t\t<div class=\"elementor-container elementor-column-gap-default\">\n\t\t\t\t\t<div class=\"elementor-column elementor-col-50 elementor-top-column elementor-element elementor-element-5f78ac5a\" data-id=\"5f78ac5a\" data-element_type=\"column\">\n\t\t\t<div class=\"elementor-widget-wrap elementor-element-populated\">\n\t\t\t\t\t\t<div class=\"elementor-element elementor-element-be3cccc elementor-invisible elementor-widget elementor-widget-heading\" data-id=\"be3cccc\" data-element_type=\"widget\" data-settings=\"{&quot;_animation&quot;:&quot;fadeInUp&quot;}\" data-widget_type=\"heading.default\">\n\t\t\t\t<div class=\"elementor-widget-container\">\n\t\t\t\t\t<h2 class=\"elementor-heading-title elementor-size-default\">Hakk\u0131m\u0131zda<\/h2>\t\t\t\t<\/div>\n\t\t\t\t<\/div>\n\t\t\t\t<div class=\"elementor-element elementor-element-8caf08c elementor-invisible elementor-widget elementor-widget-text-editor\" data-id=\"8caf08c\" data-element_type=\"widget\" data-settings=\"{&quot;_animation&quot;:&quot;fadeInUp&quot;}\" data-widget_type=\"text-editor.default\">\n\t\t\t\t<div class=\"elementor-widget-container\">\n\t\t\t\t\t\t\t\t\t<p>Nesplast Plastic, sekt\u00f6rdeki uzun y\u0131llara dayanan tecr\u00fcbesi ve m\u00fc\u015fteri memnuniyetine verdi\u011fi \u00f6nem ile 2024 y\u0131l\u0131nda \u0130stanbul&#8217;da 1500 m\u00b2 kapal\u0131 alanda \u00fcretim faaliyetlerine ba\u015flam\u0131\u015ft\u0131r. Ayl\u0131k 150 ton kapasiteli PET s\u0131zd\u0131rmaz kap \u00fcretimi ger\u00e7ekle\u015ftiren firmam\u0131z, 25 ki\u015filik uzman kadrosuyla g\u0131da, ambalaj ve tekstil gibi bir\u00e7ok sekt\u00f6re hizmet vermektedir.<\/p><p>Kaliteli \u00fcr\u00fcnleri, uygun fiyatlarla ve en iyi hizmet anlay\u0131\u015f\u0131yla sunmay\u0131 ilke edinen Nesplast, hem yurt i\u00e7i hem de yurt d\u0131\u015f\u0131 pazarda faaliyet g\u00f6stererek sekt\u00f6r\u00fcnde fark yaratmaktad\u0131r. G\u00fcn\u00fcm\u00fcz\u00fcn teknolojik yeniliklerini yak\u0131ndan takip eden firmam\u0131z, h\u0131zl\u0131 teslimat s\u00fcre\u00e7leri ve esnek \u00e7\u00f6z\u00fcmleriyle m\u00fc\u015fterilerine de\u011fer katar.<\/p>\t\t\t\t\t\t\t\t<\/div>\n\t\t\t\t<\/div>\n\t\t\t\t\t<\/div>\n\t\t<\/div>\n\t\t\t\t<div class=\"elementor-column elementor-col-50 elementor-top-column elementor-element elementor-element-5b121d9c\" data-id=\"5b121d9c\" data-element_type=\"column\">\n\t\t\t<div class=\"elementor-widget-wrap elementor-element-populated\">\n\t\t\t\t\t\t<div class=\"elementor-element elementor-element-35081491 elementor-invisible elementor-widget elementor-widget-image\" data-id=\"35081491\" data-element_type=\"widget\" data-settings=\"{&quot;_animation&quot;:&quot;fadeInUp&quot;}\" data-widget_type=\"image.default\">\n\t\t\t\t<div class=\"elementor-widget-container\">\n\t\t\t\t\t\t\t\t\t\t\t\t\t\t\t<img fetchpriority=\"high\" decoding=\"async\" width=\"1618\" height=\"1080\" src=\"https:\/\/nplusplastik.com.tr\/wp-content\/uploads\/2025\/05\/fresh-beet-leaves-in-plastic-container-on-top-of-s-2025-03-13-02-00-35-utc-Buyuk.jpg\" class=\"attachment-full size-full wp-image-229\" alt=\"\" srcset=\"https:\/\/nplusplastik.com.tr\/wp-content\/uploads\/2025\/05\/fresh-beet-leaves-in-plastic-container-on-top-of-s-2025-03-13-02-00-35-utc-Buyuk.jpg 1618w, https:\/\/nplusplastik.com.tr\/wp-content\/uploads\/2025\/05\/fresh-beet-leaves-in-plastic-container-on-top-of-s-2025-03-13-02-00-35-utc-Buyuk-300x200.jpg 300w, https:\/\/nplusplastik.com.tr\/wp-content\/uploads\/2025\/05\/fresh-beet-leaves-in-plastic-container-on-top-of-s-2025-03-13-02-00-35-utc-Buyuk-1024x684.jpg 1024w, https:\/\/nplusplastik.com.tr\/wp-content\/uploads\/2025\/05\/fresh-beet-leaves-in-plastic-container-on-top-of-s-2025-03-13-02-00-35-utc-Buyuk-768x513.jpg 768w, https:\/\/nplusplastik.com.tr\/wp-content\/uploads\/2025\/05\/fresh-beet-leaves-in-plastic-container-on-top-of-s-2025-03-13-02-00-35-utc-Buyuk-1536x1025.jpg 1536w, https:\/\/nplusplastik.com.tr\/wp-content\/uploads\/2025\/05\/fresh-beet-leaves-in-plastic-container-on-top-of-s-2025-03-13-02-00-35-utc-Buyuk-600x400.jpg 600w\" sizes=\"(max-width: 1618px) 100vw, 1618px\" \/>\t\t\t\t\t\t\t\t\t\t\t\t\t\t\t<\/div>\n\t\t\t\t<\/div>\n\t\t\t\t\t<\/div>\n\t\t<\/div>\n\t\t\t\t\t<\/div>\n\t\t<\/section>\n\t\t<div class=\"elementor-element elementor-element-984c494 e-flex e-con-boxed e-con e-parent\" data-id=\"984c494\" data-element_type=\"container\">\n\t\t\t\t\t<div class=\"e-con-inner\">\n\t\t\t\t<div class=\"elementor-element elementor-element-0e28b8c elementor-invisible elementor-widget elementor-widget-text-editor\" data-id=\"0e28b8c\" data-element_type=\"widget\" data-settings=\"{&quot;_animation&quot;:&quot;fadeInUp&quot;}\" data-widget_type=\"text-editor.default\">\n\t\t\t\t<div class=\"elementor-widget-container\">\n\t\t\t\t\t\t\t\t\t<p class=\"\" data-start=\"832\" data-end=\"1142\">T\u00fcm \u00fcretim s\u00fcre\u00e7lerinde insan sa\u011fl\u0131\u011f\u0131na ve \u00e7evreye duyarl\u0131, zararl\u0131 madde i\u00e7ermeyen hammaddeler kullan\u0131lmaktad\u0131r. Nesplast Plastic, hizmet kalitesini art\u0131rmak ve sekt\u00f6rdeki y\u00fckseli\u015fini s\u00fcrd\u00fcr\u00fclebilir k\u0131lmak amac\u0131yla teknolojik yat\u0131r\u0131mlar\u0131n\u0131 art\u0131rmakta ve daha y\u00fcksek kapasiteyle \u00fcretim yapmay\u0131 hedeflemektedir.<\/p><p class=\"\" data-start=\"1144\" data-end=\"1278\">M\u00fc\u015fteri odakl\u0131 yakla\u015f\u0131m\u0131, yenilik\u00e7i vizyonu ve kalite anlay\u0131\u015f\u0131yla Nesplast, sekt\u00f6rde g\u00fcvenin ve ba\u015far\u0131n\u0131n ad\u0131 olmaya devam etmektedir.<\/p>\t\t\t\t\t\t\t\t<\/div>\n\t\t\t\t<\/div>\n\t\t\t\t\t<\/div>\n\t\t\t\t<\/div>\n\t\t<div class=\"elementor-element elementor-element-57737ff e-flex e-con-boxed e-con e-parent\" data-id=\"57737ff\" data-element_type=\"container\" data-settings=\"{&quot;background_background&quot;:&quot;classic&quot;}\">\n\t\t\t\t\t<div class=\"e-con-inner\">\n\t\t<div class=\"elementor-element elementor-element-68c62d4 e-con-full e-flex e-con e-child\" data-id=\"68c62d4\" data-element_type=\"container\">\n\t\t\t\t<div class=\"elementor-element elementor-element-bb26635 elementor-invisible elementor-widget elementor-widget-heading\" data-id=\"bb26635\" data-element_type=\"widget\" data-settings=\"{&quot;_animation&quot;:&quot;fadeInUp&quot;}\" data-widget_type=\"heading.default\">\n\t\t\t\t<div class=\"elementor-widget-container\">\n\t\t\t\t\t<h2 class=\"elementor-heading-title elementor-size-default\">Vizyonumuz<\/h2>\t\t\t\t<\/div>\n\t\t\t\t<\/div>\n\t\t\t\t<div class=\"elementor-element elementor-element-7dd0b2a elementor-invisible elementor-widget elementor-widget-text-editor\" data-id=\"7dd0b2a\" data-element_type=\"widget\" data-settings=\"{&quot;_animation&quot;:&quot;fadeInUp&quot;}\" data-widget_type=\"text-editor.default\">\n\t\t\t\t<div class=\"elementor-widget-container\">\n\t\t\t\t\t\t\t\t\t<p class=\"\" data-start=\"832\" data-end=\"1142\">T\u00fcm \u00fcretim s\u00fcre\u00e7lerinde insan sa\u011fl\u0131\u011f\u0131na ve \u00e7evreye duyarl\u0131, zararl\u0131 madde i\u00e7ermeyen hammaddeler kullan\u0131lmaktad\u0131r. Nesplast Plastic, hizmet kalitesini art\u0131rmak ve sekt\u00f6rdeki y\u00fckseli\u015fini s\u00fcrd\u00fcr\u00fclebilir k\u0131lmak amac\u0131yla teknolojik yat\u0131r\u0131mlar\u0131n\u0131 art\u0131rmakta ve daha y\u00fcksek kapasiteyle \u00fcretim yapmay\u0131 hedeflemektedir.<\/p><p class=\"\" data-start=\"1144\" data-end=\"1278\">M\u00fc\u015fteri odakl\u0131 yakla\u015f\u0131m\u0131, yenilik\u00e7i vizyonu ve kalite anlay\u0131\u015f\u0131yla Nesplast, sekt\u00f6rde g\u00fcvenin ve ba\u015far\u0131n\u0131n ad\u0131 olmaya devam etmektedir.<\/p>\t\t\t\t\t\t\t\t<\/div>\n\t\t\t\t<\/div>\n\t\t\t\t<\/div>\n\t\t<div class=\"elementor-element elementor-element-c106c3f e-con-full e-flex e-con e-child\" data-id=\"c106c3f\" data-element_type=\"container\">\n\t\t\t\t<div class=\"elementor-element elementor-element-fd2e11b elementor-invisible elementor-widget elementor-widget-heading\" data-id=\"fd2e11b\" data-element_type=\"widget\" data-settings=\"{&quot;_animation&quot;:&quot;fadeInUp&quot;}\" data-widget_type=\"heading.default\">\n\t\t\t\t<div class=\"elementor-widget-container\">\n\t\t\t\t\t<h2 class=\"elementor-heading-title elementor-size-default\">Hakk\u0131m\u0131zda<\/h2>\t\t\t\t<\/div>\n\t\t\t\t<\/div>\n\t\t\t\t<div class=\"elementor-element elementor-element-ff89f98 elementor-invisible elementor-widget elementor-widget-text-editor\" data-id=\"ff89f98\" data-element_type=\"widget\" data-settings=\"{&quot;_animation&quot;:&quot;fadeInUp&quot;}\" data-widget_type=\"text-editor.default\">\n\t\t\t\t<div class=\"elementor-widget-container\">\n\t\t\t\t\t\t\t\t\t<p class=\"\" data-start=\"832\" data-end=\"1142\">T\u00fcm \u00fcretim s\u00fcre\u00e7lerinde insan sa\u011fl\u0131\u011f\u0131na ve \u00e7evreye duyarl\u0131, zararl\u0131 madde i\u00e7ermeyen hammaddeler kullan\u0131lmaktad\u0131r. Nesplast Plastic, hizmet kalitesini art\u0131rmak ve sekt\u00f6rdeki y\u00fckseli\u015fini s\u00fcrd\u00fcr\u00fclebilir k\u0131lmak amac\u0131yla teknolojik yat\u0131r\u0131mlar\u0131n\u0131 art\u0131rmakta ve daha y\u00fcksek kapasiteyle \u00fcretim yapmay\u0131 hedeflemektedir.<\/p><p class=\"\" data-start=\"1144\" data-end=\"1278\">M\u00fc\u015fteri odakl\u0131 yakla\u015f\u0131m\u0131, yenilik\u00e7i vizyonu ve kalite anlay\u0131\u015f\u0131yla Nesplast, sekt\u00f6rde g\u00fcvenin ve ba\u015far\u0131n\u0131n ad\u0131 olmaya devam etmektedir.<\/p>\t\t\t\t\t\t\t\t<\/div>\n\t\t\t\t<\/div>\n\t\t\t\t<\/div>\n\t\t\t\t\t<\/div>\n\t\t\t\t<\/div>\n\t\t<div class=\"elementor-element elementor-element-4cfbf4e e-flex e-con-boxed e-con e-parent\" data-id=\"4cfbf4e\" data-element_type=\"container\">\n\t\t\t\t\t<div class=\"e-con-inner\">\n\t\t\t\t<div class=\"elementor-element elementor-element-c1ead36 elementor-invisible elementor-widget elementor-widget-heading\" data-id=\"c1ead36\" data-element_type=\"widget\" data-settings=\"{&quot;_animation&quot;:&quot;fadeInUp&quot;}\" data-widget_type=\"heading.default\">\n\t\t\t\t<div class=\"elementor-widget-container\">\n\t\t\t\t\t<h2 class=\"elementor-heading-title elementor-size-default\">Sertifikalar\u0131m\u0131z<\/h2>\t\t\t\t<\/div>\n\t\t\t\t<\/div>\n\t\t\t\t\t<\/div>\n\t\t\t\t<\/div>\n\t\t<div class=\"elementor-element elementor-element-3e07700 e-flex e-con-boxed e-con e-parent\" data-id=\"3e07700\" data-element_type=\"container\">\n\t\t\t\t\t<div class=\"e-con-inner\">\n\t\t\t\t<div class=\"elementor-element elementor-element-d141ec0 elementor-arrows-position-outside elementor-widget elementor-widget-image-carousel\" data-id=\"d141ec0\" data-element_type=\"widget\" data-settings=\"{&quot;slides_to_show&quot;:&quot;5&quot;,&quot;navigation&quot;:&quot;arrows&quot;,&quot;image_spacing_custom&quot;:{&quot;unit&quot;:&quot;px&quot;,&quot;size&quot;:15,&quot;sizes&quot;:[]},&quot;autoplay&quot;:&quot;yes&quot;,&quot;pause_on_hover&quot;:&quot;yes&quot;,&quot;pause_on_interaction&quot;:&quot;yes&quot;,&quot;autoplay_speed&quot;:5000,&quot;speed&quot;:500,&quot;image_spacing_custom_widescreen&quot;:{&quot;unit&quot;:&quot;px&quot;,&quot;size&quot;:&quot;&quot;,&quot;sizes&quot;:[]},&quot;image_spacing_custom_tablet&quot;:{&quot;unit&quot;:&quot;px&quot;,&quot;size&quot;:&quot;&quot;,&quot;sizes&quot;:[]},&quot;image_spacing_custom_mobile&quot;:{&quot;unit&quot;:&quot;px&quot;,&quot;size&quot;:&quot;&quot;,&quot;sizes&quot;:[]}}\" data-widget_type=\"image-carousel.default\">\n\t\t\t\t<div class=\"elementor-widget-container\">\n\t\t\t\t\t\t\t<div class=\"elementor-image-carousel-wrapper swiper\" role=\"region\" aria-roledescription=\"carousel\" aria-label=\"Image Carousel\" dir=\"ltr\">\n\t\t\t<div class=\"elementor-image-carousel swiper-wrapper\" aria-live=\"off\">\n\t\t\t\t\t\t\t\t<div class=\"swiper-slide\" role=\"group\" aria-roledescription=\"slide\" aria-label=\"1 of 10\"><figure class=\"swiper-slide-inner\"><img decoding=\"async\" class=\"swiper-slide-image\" src=\"https:\/\/nplusplastik.com.tr\/wp-content\/uploads\/2025\/04\/sertifika-1.jpg\" alt=\"EKATALOG \u0130NG\u0130L\u0130ZCE\" \/><\/figure><\/div><div class=\"swiper-slide\" role=\"group\" aria-roledescription=\"slide\" aria-label=\"2 of 10\"><figure class=\"swiper-slide-inner\"><img decoding=\"async\" class=\"swiper-slide-image\" src=\"https:\/\/nplusplastik.com.tr\/wp-content\/uploads\/2025\/04\/sertifika-2.jpg\" alt=\"EKATALOG \u0130NG\u0130L\u0130ZCE\" \/><\/figure><\/div><div class=\"swiper-slide\" role=\"group\" aria-roledescription=\"slide\" aria-label=\"3 of 10\"><figure class=\"swiper-slide-inner\"><img decoding=\"async\" class=\"swiper-slide-image\" src=\"https:\/\/nplusplastik.com.tr\/wp-content\/uploads\/2025\/04\/sertifika-3.jpg\" alt=\"EKATALOG \u0130NG\u0130L\u0130ZCE\" \/><\/figure><\/div><div class=\"swiper-slide\" role=\"group\" aria-roledescription=\"slide\" aria-label=\"4 of 10\"><figure class=\"swiper-slide-inner\"><img decoding=\"async\" class=\"swiper-slide-image\" src=\"https:\/\/nplusplastik.com.tr\/wp-content\/uploads\/2025\/04\/sertifika-4.jpg\" alt=\"EKATALOG \u0130NG\u0130L\u0130ZCE\" \/><\/figure><\/div><div class=\"swiper-slide\" role=\"group\" aria-roledescription=\"slide\" aria-label=\"5 of 10\"><figure class=\"swiper-slide-inner\"><img decoding=\"async\" class=\"swiper-slide-image\" src=\"https:\/\/nplusplastik.com.tr\/wp-content\/uploads\/2025\/04\/sertifika-5.jpg\" alt=\"EKATALOG \u0130NG\u0130L\u0130ZCE\" \/><\/figure><\/div><div class=\"swiper-slide\" role=\"group\" aria-roledescription=\"slide\" aria-label=\"6 of 10\"><figure class=\"swiper-slide-inner\"><img decoding=\"async\" class=\"swiper-slide-image\" src=\"https:\/\/nplusplastik.com.tr\/wp-content\/uploads\/2025\/04\/sertifika-6.jpg\" alt=\"EKATALOG \u0130NG\u0130L\u0130ZCE\" \/><\/figure><\/div><div class=\"swiper-slide\" role=\"group\" aria-roledescription=\"slide\" aria-label=\"7 of 10\"><figure class=\"swiper-slide-inner\"><img decoding=\"async\" class=\"swiper-slide-image\" src=\"https:\/\/nplusplastik.com.tr\/wp-content\/uploads\/2025\/04\/sertifika-7.jpg\" alt=\"EKATALOG \u0130NG\u0130L\u0130ZCE\" \/><\/figure><\/div><div class=\"swiper-slide\" role=\"group\" aria-roledescription=\"slide\" aria-label=\"8 of 10\"><figure class=\"swiper-slide-inner\"><img decoding=\"async\" class=\"swiper-slide-image\" src=\"https:\/\/nplusplastik.com.tr\/wp-content\/uploads\/2025\/04\/sertifika-8.jpg\" alt=\"EKATALOG \u0130NG\u0130L\u0130ZCE\" \/><\/figure><\/div><div class=\"swiper-slide\" role=\"group\" aria-roledescription=\"slide\" aria-label=\"9 of 10\"><figure class=\"swiper-slide-inner\"><img decoding=\"async\" class=\"swiper-slide-image\" src=\"https:\/\/nplusplastik.com.tr\/wp-content\/uploads\/2025\/04\/sertifika-9.jpg\" alt=\"EKATALOG \u0130NG\u0130L\u0130ZCE\" \/><\/figure><\/div><div class=\"swiper-slide\" role=\"group\" aria-roledescription=\"slide\" aria-label=\"10 of 10\"><figure class=\"swiper-slide-inner\"><img decoding=\"async\" class=\"swiper-slide-image\" src=\"https:\/\/nplusplastik.com.tr\/wp-content\/uploads\/2025\/04\/sertifika-10.jpg\" alt=\"EKATALOG \u0130NG\u0130L\u0130ZCE\" \/><\/figure><\/div>\t\t\t<\/div>\n\t\t\t\t\t\t\t\t\t\t\t\t<div class=\"elementor-swiper-button elementor-swiper-button-prev\" role=\"button\" tabindex=\"0\">\n\t\t\t\t\t\t<svg aria-hidden=\"true\" class=\"e-font-icon-svg e-eicon-chevron-left\" viewBox=\"0 0 1000 1000\" xmlns=\"http:\/\/www.w3.org\/2000\/svg\"><path d=\"M646 125C629 125 613 133 604 142L308 442C296 454 292 471 292 487 292 504 296 521 308 533L604 854C617 867 629 875 646 875 663 875 679 871 692 858 704 846 713 829 713 812 713 796 708 779 692 767L438 487 692 225C700 217 708 204 708 187 708 171 704 154 692 142 675 129 663 125 646 125Z\"><\/path><\/svg>\t\t\t\t\t<\/div>\n\t\t\t\t\t<div class=\"elementor-swiper-button elementor-swiper-button-next\" role=\"button\" tabindex=\"0\">\n\t\t\t\t\t\t<svg aria-hidden=\"true\" class=\"e-font-icon-svg e-eicon-chevron-right\" viewBox=\"0 0 1000 1000\" xmlns=\"http:\/\/www.w3.org\/2000\/svg\"><path d=\"M696 533C708 521 713 504 713 487 713 471 708 454 696 446L400 146C388 133 375 125 354 125 338 125 325 129 313 142 300 154 292 171 292 187 292 204 296 221 308 233L563 492 304 771C292 783 288 800 288 817 288 833 296 850 308 863 321 871 338 875 354 875 371 875 388 867 400 854L696 533Z\"><\/path><\/svg>\t\t\t\t\t<\/div>\n\t\t\t\t\n\t\t\t\t\t\t\t\t\t<\/div>\n\t\t\t\t\t\t<\/div>\n\t\t\t\t<\/div>\n\t\t\t\t\t<\/div>\n\t\t\t\t<\/div>\n\t\t\t\t<\/div>\n\t\t","protected":false},"excerpt":{"rendered":"<p>Hakk\u0131m\u0131zda Hakk\u0131m\u0131zda Nesplast Plastic, sekt\u00f6rdeki uzun y\u0131llara dayanan tecr\u00fcbesi ve m\u00fc\u015fteri memnuniyetine verdi\u011fi \u00f6nem ile 2024 y\u0131l\u0131nda \u0130stanbul&#8217;da 1500 m\u00b2 kapal\u0131 alanda \u00fcretim faaliyetlerine ba\u015flam\u0131\u015ft\u0131r. Ayl\u0131k 150 ton kapasiteli PET s\u0131zd\u0131rmaz kap \u00fcretimi ger\u00e7ekle\u015ftiren firmam\u0131z, 25 ki\u015filik uzman kadrosuyla g\u0131da, ambalaj ve tekstil gibi bir\u00e7ok sekt\u00f6re hizmet vermektedir. Kaliteli \u00fcr\u00fcnleri, uygun fiyatlarla ve en iyi [&hellip;]<\/p>\n","protected":false},"author":1,"featured_media":0,"parent":0,"menu_order":0,"comment_status":"closed","ping_status":"closed","template":"elementor_header_footer","meta":{"footnotes":""},"class_list":["post-80","page","type-page","status-publish","hentry"],"_links":{"self":[{"href":"https:\/\/nplusplastik.com.tr\/index.php\/wp-json\/wp\/v2\/pages\/80","targetHints":{"allow":["GET"]}}],"collection":[{"href":"https:\/\/nplusplastik.com.tr\/index.php\/wp-json\/wp\/v2\/pages"}],"about":[{"href":"https:\/\/nplusplastik.com.tr\/index.php\/wp-json\/wp\/v2\/types\/page"}],"author":[{"embeddable":true,"href":"https:\/\/nplusplastik.com.tr\/index.php\/wp-json\/wp\/v2\/users\/1"}],"replies":[{"embeddable":true,"href":"https:\/\/nplusplastik.com.tr\/index.php\/wp-json\/wp\/v2\/comments?post=80"}],"version-history":[{"count":7,"href":"https:\/\/nplusplastik.com.tr\/index.php\/wp-json\/wp\/v2\/pages\/80\/revisions"}],"predecessor-version":[{"id":232,"href":"https:\/\/nplusplastik.com.tr\/index.php\/wp-json\/wp\/v2\/pages\/80\/revisions\/232"}],"wp:attachment":[{"href":"https:\/\/nplusplastik.com.tr\/index.php\/wp-json\/wp\/v2\/media?parent=80"}],"curies":[{"name":"wp","href":"https:\/\/api.w.org\/{rel}","templated":true}]}}